{"id":7998,"date":"2025-10-03T05:25:55","date_gmt":"2025-10-03T05:25:55","guid":{"rendered":"https:\/\/wamysn.org\/%d9%85%d8%b4%d8%a7%d8%b1%d9%8a%d8%b9%d9%86%d8%a7\/"},"modified":"2025-12-07T00:36:28","modified_gmt":"2025-12-07T00:36:28","slug":"%d9%85%d8%b4%d8%a7%d8%b1%d9%8a%d8%b9%d9%86%d8%a7","status":"publish","type":"page","link":"https:\/\/wamysn.org\/fr\/%d9%85%d8%b4%d8%a7%d8%b1%d9%8a%d8%b9%d9%86%d8%a7\/","title":{"rendered":"Nos Projets"},"content":{"rendered":"\t\t<div data-elementor-type=\"wp-page\" data-elementor-id=\"7998\" class=\"elementor elementor-7998\" data-elementor-post-type=\"page\">\n\t\t\t\t<div class=\"elementor-element elementor-element-a9e876c e-flex e-con-boxed e-con e-parent\" data-id=\"a9e876c\" data-element_type=\"container\">\n\t\t\t\t\t<div class=\"e-con-inner\">\n\t\t\t\t<div class=\"elementor-element elementor-element-6ad9cb1 elementor-grid-1 elementor-grid-tablet-2 elementor-grid-mobile-1 elementor-widget elementor-widget-loop-grid\" data-id=\"6ad9cb1\" data-element_type=\"widget\" data-settings=\"{&quot;template_id&quot;:&quot;6822&quot;,&quot;columns&quot;:1,&quot;pagination_type&quot;:&quot;load_more_on_click&quot;,&quot;_skin&quot;:&quot;post&quot;,&quot;columns_tablet&quot;:&quot;2&quot;,&quot;columns_mobile&quot;:&quot;1&quot;,&quot;edit_handle_selector&quot;:&quot;[data-elementor-type=\\&quot;loop-item\\&quot;]&quot;,&quot;load_more_spinner&quot;:{&quot;value&quot;:&quot;fas fa-spinner&quot;,&quot;library&quot;:&quot;fa-solid&quot;},&quot;row_gap&quot;:{&quot;unit&quot;:&quot;px&quot;,&quot;size&quot;:&quot;&quot;,&quot;sizes&quot;:[]},&quot;row_gap_tablet&quot;:{&quot;unit&quot;:&quot;px&quot;,&quot;size&quot;:&quot;&quot;,&quot;sizes&quot;:[]},&quot;row_gap_mobile&quot;:{&quot;unit&quot;:&quot;px&quot;,&quot;size&quot;:&quot;&quot;,&quot;sizes&quot;:[]}}\" data-widget_type=\"loop-grid.post\">\n\t\t\t\t<div class=\"elementor-widget-container\">\n\t\t\t\t\t\t\t<div class=\"elementor-loop-container elementor-grid\" role=\"list\">\n\t\t<style id=\"loop-6822\">.elementor-6822 .elementor-element.elementor-element-249bc70{--display:flex;--flex-direction:row;--container-widget-width:calc( ( 1 - var( --container-widget-flex-grow ) ) * 100% );--container-widget-height:100%;--container-widget-flex-grow:1;--container-widget-align-self:stretch;--flex-wrap-mobile:wrap;--justify-content:center;--align-items:center;--gap:5px 40px;--row-gap:5px;--column-gap:40px;}.elementor-6822 .elementor-element.elementor-element-cfd243f{--display:flex;--flex-direction:column;--container-widget-width:100%;--container-widget-height:initial;--container-widget-flex-grow:0;--container-widget-align-self:initial;--flex-wrap-mobile:wrap;}.elementor-6822 .elementor-element.elementor-element-9beee51{--e-image-carousel-slides-to-show:1;}.elementor-6822 .elementor-element.elementor-element-9beee51 .elementor-image-carousel-wrapper .elementor-image-carousel .swiper-slide-image{border-radius:7px 7px 7px 7px;}.elementor-6822 .elementor-element.elementor-element-12f7c2d{--display:flex;--flex-direction:column;--container-widget-width:100%;--container-widget-height:initial;--container-widget-flex-grow:0;--container-widget-align-self:initial;--flex-wrap-mobile:wrap;}.elementor-widget-theme-post-title .elementor-heading-title{font-family:var( --e-global-typography-primary-font-family ), Sans-serif;font-weight:var( --e-global-typography-primary-font-weight );color:var( --e-global-color-primary );}.elementor-6822 .elementor-element.elementor-element-6f64f61 .elementor-heading-title{color:#000000;}.elementor-widget-theme-post-content{color:var( --e-global-color-text );font-family:var( --e-global-typography-text-font-family ), Sans-serif;font-weight:var( --e-global-typography-text-font-weight );}@media(min-width:768px){.elementor-6822 .elementor-element.elementor-element-cfd243f{--width:50%;}.elementor-6822 .elementor-element.elementor-element-12f7c2d{--width:50%;}}<\/style>\t\t<div data-elementor-type=\"loop-item\" data-elementor-id=\"6822\" class=\"elementor elementor-6822 e-loop-item e-loop-item-8091 post-8091 project type-project status-publish has-post-thumbnail hentry\" data-elementor-post-type=\"elementor_library\" data-custom-edit-handle=\"1\">\n\t\t\t<div class=\"elementor-element elementor-element-249bc70 e-flex e-con-boxed e-con e-parent\" data-id=\"249bc70\" data-element_type=\"container\">\n\t\t\t\t\t<div class=\"e-con-inner\">\n\t\t<div class=\"elementor-element elementor-element-cfd243f e-con-full e-flex e-con e-child\" data-id=\"cfd243f\" data-element_type=\"container\">\n\t\t\t\t<div class=\"elementor-element elementor-element-9beee51 elementor-arrows-position-inside elementor-pagination-position-outside elementor-widget elementor-widget-image-carousel\" data-id=\"9beee51\" data-element_type=\"widget\" data-settings=\"{&quot;slides_to_show&quot;:&quot;1&quot;,&quot;navigation&quot;:&quot;both&quot;,&quot;autoplay&quot;:&quot;yes&quot;,&quot;pause_on_hover&quot;:&quot;yes&quot;,&quot;pause_on_interaction&quot;:&quot;yes&quot;,&quot;autoplay_speed&quot;:5000,&quot;infinite&quot;:&quot;yes&quot;,&quot;effect&quot;:&quot;slide&quot;,&quot;speed&quot;:500}\" data-widget_type=\"image-carousel.default\">\n\t\t\t\t\t\t\t<div class=\"elementor-image-carousel-wrapper swiper\" role=\"region\" aria-roledescription=\"carousel\" aria-label=\"\u0639\u0627\u0631\u0636 \u0627\u0644\u0635\u0648\u0631\" dir=\"ltr\">\n\t\t\t<div class=\"elementor-image-carousel swiper-wrapper\" aria-live=\"off\">\n\t\t\t\t\t\t\t\t<div class=\"swiper-slide\" role=\"group\" aria-roledescription=\"slide\" aria-label=\"1 sur 1\"><figure class=\"swiper-slide-inner\"><img decoding=\"async\" class=\"swiper-slide-image\" src=\"https:\/\/wamysn.org\/wp-content\/uploads\/2025\/10\/Screenshot-2025-10-05-032641.png\" alt=\"Screenshot 2025-10-05 032641\" \/><\/figure><\/div>\t\t\t<\/div>\n\t\t\t\t\t<\/div>\n\t\t\t\t\t\t<\/div>\n\t\t\t\t<\/div>\n\t\t<div class=\"elementor-element elementor-element-12f7c2d e-con-full e-flex e-con e-child\" data-id=\"12f7c2d\" data-element_type=\"container\">\n\t\t\t\t<div class=\"elementor-element elementor-element-6f64f61 elementor-widget elementor-widget-theme-post-title elementor-page-title elementor-widget-heading\" data-id=\"6f64f61\" data-element_type=\"widget\" data-widget_type=\"theme-post-title.default\">\n\t\t\t\t\t<h1 class=\"elementor-heading-title elementor-size-default\">Caravanes m\u00e9dicales<\/h1>\t\t\t\t<\/div>\n\t\t\t\t<div class=\"elementor-element elementor-element-ddd3c70 elementor-widget elementor-widget-theme-post-content\" data-id=\"ddd3c70\" data-element_type=\"widget\" data-widget_type=\"theme-post-content.default\">\n\t\t\t\t\t\n<p>Organisation de caravanes m\u00e9dicales pour offrir des consultations et des soins dans les villages \u00e9loign\u00e9s, avec distribution gratuite de m\u00e9dicaments.<\/p>\n\t\t\t\t<\/div>\n\t\t\t\t<\/div>\n\t\t\t\t\t<\/div>\n\t\t\t\t<\/div>\n\t\t\t\t<\/div>\n\t\t\t\t<div data-elementor-type=\"loop-item\" data-elementor-id=\"6822\" class=\"elementor elementor-6822 e-loop-item e-loop-item-8097 post-8097 project type-project status-publish has-post-thumbnail hentry\" data-elementor-post-type=\"elementor_library\" data-custom-edit-handle=\"1\">\n\t\t\t<div class=\"elementor-element elementor-element-249bc70 e-flex e-con-boxed e-con e-parent\" data-id=\"249bc70\" data-element_type=\"container\">\n\t\t\t\t\t<div class=\"e-con-inner\">\n\t\t<div class=\"elementor-element elementor-element-cfd243f e-con-full e-flex e-con e-child\" data-id=\"cfd243f\" data-element_type=\"container\">\n\t\t\t\t<div class=\"elementor-element elementor-element-9beee51 elementor-arrows-position-inside elementor-pagination-position-outside elementor-widget elementor-widget-image-carousel\" data-id=\"9beee51\" data-element_type=\"widget\" data-settings=\"{&quot;slides_to_show&quot;:&quot;1&quot;,&quot;navigation&quot;:&quot;both&quot;,&quot;autoplay&quot;:&quot;yes&quot;,&quot;pause_on_hover&quot;:&quot;yes&quot;,&quot;pause_on_interaction&quot;:&quot;yes&quot;,&quot;autoplay_speed&quot;:5000,&quot;infinite&quot;:&quot;yes&quot;,&quot;effect&quot;:&quot;slide&quot;,&quot;speed&quot;:500}\" data-widget_type=\"image-carousel.default\">\n\t\t\t\t\t\t\t<div class=\"elementor-image-carousel-wrapper swiper\" role=\"region\" aria-roledescription=\"carousel\" aria-label=\"\u0639\u0627\u0631\u0636 \u0627\u0644\u0635\u0648\u0631\" dir=\"ltr\">\n\t\t\t<div class=\"elementor-image-carousel swiper-wrapper\" aria-live=\"off\">\n\t\t\t\t\t\t\t\t<div class=\"swiper-slide\" role=\"group\" aria-roledescription=\"slide\" aria-label=\"1 sur 1\"><figure class=\"swiper-slide-inner\"><img decoding=\"async\" class=\"swiper-slide-image\" src=\"https:\/\/wamysn.org\/wp-content\/uploads\/2025\/10\/Screenshot-2025-10-05-032608.png\" alt=\"Screenshot 2025-10-05 032608\" \/><\/figure><\/div>\t\t\t<\/div>\n\t\t\t\t\t<\/div>\n\t\t\t\t\t\t<\/div>\n\t\t\t\t<\/div>\n\t\t<div class=\"elementor-element elementor-element-12f7c2d e-con-full e-flex e-con e-child\" data-id=\"12f7c2d\" data-element_type=\"container\">\n\t\t\t\t<div class=\"elementor-element elementor-element-6f64f61 elementor-widget elementor-widget-theme-post-title elementor-page-title elementor-widget-heading\" data-id=\"6f64f61\" data-element_type=\"widget\" data-widget_type=\"theme-post-title.default\">\n\t\t\t\t\t<h1 class=\"elementor-heading-title elementor-size-default\">Caravane chirurgicale<\/h1>\t\t\t\t<\/div>\n\t\t\t\t<div class=\"elementor-element elementor-element-ddd3c70 elementor-widget elementor-widget-theme-post-content\" data-id=\"ddd3c70\" data-element_type=\"widget\" data-widget_type=\"theme-post-content.default\">\n\t\t\t\t\t\n<p>R\u00e9alisation d\u2019interventions chirurgicales avec des \u00e9quipes m\u00e9dicales sp\u00e9cialis\u00e9es pour soulager la souffrance des patients.<\/p>\n\t\t\t\t<\/div>\n\t\t\t\t<\/div>\n\t\t\t\t\t<\/div>\n\t\t\t\t<\/div>\n\t\t\t\t<\/div>\n\t\t\t\t<div data-elementor-type=\"loop-item\" data-elementor-id=\"6822\" class=\"elementor elementor-6822 e-loop-item e-loop-item-8099 post-8099 project type-project status-publish has-post-thumbnail hentry\" data-elementor-post-type=\"elementor_library\" data-custom-edit-handle=\"1\">\n\t\t\t<div class=\"elementor-element elementor-element-249bc70 e-flex e-con-boxed e-con e-parent\" data-id=\"249bc70\" data-element_type=\"container\">\n\t\t\t\t\t<div class=\"e-con-inner\">\n\t\t<div class=\"elementor-element elementor-element-cfd243f e-con-full e-flex e-con e-child\" data-id=\"cfd243f\" data-element_type=\"container\">\n\t\t\t\t<div class=\"elementor-element elementor-element-9beee51 elementor-arrows-position-inside elementor-pagination-position-outside elementor-widget elementor-widget-image-carousel\" data-id=\"9beee51\" data-element_type=\"widget\" data-settings=\"{&quot;slides_to_show&quot;:&quot;1&quot;,&quot;navigation&quot;:&quot;both&quot;,&quot;autoplay&quot;:&quot;yes&quot;,&quot;pause_on_hover&quot;:&quot;yes&quot;,&quot;pause_on_interaction&quot;:&quot;yes&quot;,&quot;autoplay_speed&quot;:5000,&quot;infinite&quot;:&quot;yes&quot;,&quot;effect&quot;:&quot;slide&quot;,&quot;speed&quot;:500}\" data-widget_type=\"image-carousel.default\">\n\t\t\t\t\t\t\t<div class=\"elementor-image-carousel-wrapper swiper\" role=\"region\" aria-roledescription=\"carousel\" aria-label=\"\u0639\u0627\u0631\u0636 \u0627\u0644\u0635\u0648\u0631\" dir=\"ltr\">\n\t\t\t<div class=\"elementor-image-carousel swiper-wrapper\" aria-live=\"off\">\n\t\t\t\t\t\t\t\t<div class=\"swiper-slide\" role=\"group\" aria-roledescription=\"slide\" aria-label=\"1 sur 1\"><figure class=\"swiper-slide-inner\"><img decoding=\"async\" class=\"swiper-slide-image\" src=\"https:\/\/wamysn.org\/wp-content\/uploads\/2025\/10\/Screenshot-2025-10-05-032458.png\" alt=\"Screenshot 2025-10-05 032458\" \/><\/figure><\/div>\t\t\t<\/div>\n\t\t\t\t\t<\/div>\n\t\t\t\t\t\t<\/div>\n\t\t\t\t<\/div>\n\t\t<div class=\"elementor-element elementor-element-12f7c2d e-con-full e-flex e-con e-child\" data-id=\"12f7c2d\" data-element_type=\"container\">\n\t\t\t\t<div class=\"elementor-element elementor-element-6f64f61 elementor-widget elementor-widget-theme-post-title elementor-page-title elementor-widget-heading\" data-id=\"6f64f61\" data-element_type=\"widget\" data-widget_type=\"theme-post-title.default\">\n\t\t\t\t\t<h1 class=\"elementor-heading-title elementor-size-default\">Don de sang<\/h1>\t\t\t\t<\/div>\n\t\t\t\t<div class=\"elementor-element elementor-element-ddd3c70 elementor-widget elementor-widget-theme-post-content\" data-id=\"ddd3c70\" data-element_type=\"widget\" data-widget_type=\"theme-post-content.default\">\n\t\t\t\t\t\n<p>Organisation de campagnes de don de sang pour soutenir les h\u00f4pitaux et sauver des vies.<\/p>\n\t\t\t\t<\/div>\n\t\t\t\t<\/div>\n\t\t\t\t\t<\/div>\n\t\t\t\t<\/div>\n\t\t\t\t<\/div>\n\t\t\t\t<div data-elementor-type=\"loop-item\" data-elementor-id=\"6822\" class=\"elementor elementor-6822 e-loop-item e-loop-item-8103 post-8103 project type-project status-publish has-post-thumbnail hentry\" data-elementor-post-type=\"elementor_library\" data-custom-edit-handle=\"1\">\n\t\t\t<div class=\"elementor-element elementor-element-249bc70 e-flex e-con-boxed e-con e-parent\" data-id=\"249bc70\" data-element_type=\"container\">\n\t\t\t\t\t<div class=\"e-con-inner\">\n\t\t<div class=\"elementor-element elementor-element-cfd243f e-con-full e-flex e-con e-child\" data-id=\"cfd243f\" data-element_type=\"container\">\n\t\t\t\t<div class=\"elementor-element elementor-element-9beee51 elementor-arrows-position-inside elementor-pagination-position-outside elementor-widget elementor-widget-image-carousel\" data-id=\"9beee51\" data-element_type=\"widget\" data-settings=\"{&quot;slides_to_show&quot;:&quot;1&quot;,&quot;navigation&quot;:&quot;both&quot;,&quot;autoplay&quot;:&quot;yes&quot;,&quot;pause_on_hover&quot;:&quot;yes&quot;,&quot;pause_on_interaction&quot;:&quot;yes&quot;,&quot;autoplay_speed&quot;:5000,&quot;infinite&quot;:&quot;yes&quot;,&quot;effect&quot;:&quot;slide&quot;,&quot;speed&quot;:500}\" data-widget_type=\"image-carousel.default\">\n\t\t\t\t\t\t\t<div class=\"elementor-image-carousel-wrapper swiper\" role=\"region\" aria-roledescription=\"carousel\" aria-label=\"\u0639\u0627\u0631\u0636 \u0627\u0644\u0635\u0648\u0631\" dir=\"ltr\">\n\t\t\t<div class=\"elementor-image-carousel swiper-wrapper\" aria-live=\"off\">\n\t\t\t\t\t\t\t\t<div class=\"swiper-slide\" role=\"group\" aria-roledescription=\"slide\" aria-label=\"1 sur 1\"><figure class=\"swiper-slide-inner\"><img decoding=\"async\" class=\"swiper-slide-image\" src=\"https:\/\/wamysn.org\/wp-content\/uploads\/2025\/10\/Screenshot-2025-10-05-032411.png\" alt=\"Screenshot 2025-10-05 032411\" \/><\/figure><\/div>\t\t\t<\/div>\n\t\t\t\t\t<\/div>\n\t\t\t\t\t\t<\/div>\n\t\t\t\t<\/div>\n\t\t<div class=\"elementor-element elementor-element-12f7c2d e-con-full e-flex e-con e-child\" data-id=\"12f7c2d\" data-element_type=\"container\">\n\t\t\t\t<div class=\"elementor-element elementor-element-6f64f61 elementor-widget elementor-widget-theme-post-title elementor-page-title elementor-widget-heading\" data-id=\"6f64f61\" data-element_type=\"widget\" data-widget_type=\"theme-post-title.default\">\n\t\t\t\t\t<h1 class=\"elementor-heading-title elementor-size-default\">Construction de dispensaires<\/h1>\t\t\t\t<\/div>\n\t\t\t\t<div class=\"elementor-element elementor-element-ddd3c70 elementor-widget elementor-widget-theme-post-content\" data-id=\"ddd3c70\" data-element_type=\"widget\" data-widget_type=\"theme-post-content.default\">\n\t\t\t\t\t\n<p>Cr\u00e9ation et \u00e9quipement de dispensaires pour servir les populations et faciliter l\u2019acc\u00e8s aux soins.<\/p>\n\t\t\t\t<\/div>\n\t\t\t\t<\/div>\n\t\t\t\t\t<\/div>\n\t\t\t\t<\/div>\n\t\t\t\t<\/div>\n\t\t\t\t<div data-elementor-type=\"loop-item\" data-elementor-id=\"6822\" class=\"elementor elementor-6822 e-loop-item e-loop-item-8109 post-8109 project type-project status-publish has-post-thumbnail hentry\" data-elementor-post-type=\"elementor_library\" data-custom-edit-handle=\"1\">\n\t\t\t<div class=\"elementor-element elementor-element-249bc70 e-flex e-con-boxed e-con e-parent\" data-id=\"249bc70\" data-element_type=\"container\">\n\t\t\t\t\t<div class=\"e-con-inner\">\n\t\t<div class=\"elementor-element elementor-element-cfd243f e-con-full e-flex e-con e-child\" data-id=\"cfd243f\" data-element_type=\"container\">\n\t\t\t\t<div class=\"elementor-element elementor-element-9beee51 elementor-arrows-position-inside elementor-pagination-position-outside elementor-widget elementor-widget-image-carousel\" data-id=\"9beee51\" data-element_type=\"widget\" data-settings=\"{&quot;slides_to_show&quot;:&quot;1&quot;,&quot;navigation&quot;:&quot;both&quot;,&quot;autoplay&quot;:&quot;yes&quot;,&quot;pause_on_hover&quot;:&quot;yes&quot;,&quot;pause_on_interaction&quot;:&quot;yes&quot;,&quot;autoplay_speed&quot;:5000,&quot;infinite&quot;:&quot;yes&quot;,&quot;effect&quot;:&quot;slide&quot;,&quot;speed&quot;:500}\" data-widget_type=\"image-carousel.default\">\n\t\t\t\t\t\t\t<div class=\"elementor-image-carousel-wrapper swiper\" role=\"region\" aria-roledescription=\"carousel\" aria-label=\"\u0639\u0627\u0631\u0636 \u0627\u0644\u0635\u0648\u0631\" dir=\"ltr\">\n\t\t\t<div class=\"elementor-image-carousel swiper-wrapper\" aria-live=\"off\">\n\t\t\t\t\t\t\t\t<div class=\"swiper-slide\" role=\"group\" aria-roledescription=\"slide\" aria-label=\"1 sur 1\"><figure class=\"swiper-slide-inner\"><img decoding=\"async\" class=\"swiper-slide-image\" src=\"https:\/\/wamysn.org\/wp-content\/uploads\/2025\/10\/Screenshot-2025-10-05-032302.png\" alt=\"Screenshot 2025-10-05 032302\" \/><\/figure><\/div>\t\t\t<\/div>\n\t\t\t\t\t<\/div>\n\t\t\t\t\t\t<\/div>\n\t\t\t\t<\/div>\n\t\t<div class=\"elementor-element elementor-element-12f7c2d e-con-full e-flex e-con e-child\" data-id=\"12f7c2d\" data-element_type=\"container\">\n\t\t\t\t<div class=\"elementor-element elementor-element-6f64f61 elementor-widget elementor-widget-theme-post-title elementor-page-title elementor-widget-heading\" data-id=\"6f64f61\" data-element_type=\"widget\" data-widget_type=\"theme-post-title.default\">\n\t\t\t\t\t<h1 class=\"elementor-heading-title elementor-size-default\">Cours, conf\u00e9rences et pr\u00eaches du vendredi<\/h1>\t\t\t\t<\/div>\n\t\t\t\t<div class=\"elementor-element elementor-element-ddd3c70 elementor-widget elementor-widget-theme-post-content\" data-id=\"ddd3c70\" data-element_type=\"widget\" data-widget_type=\"theme-post-content.default\">\n\t\t\t\t\t\n<p>Conf\u00e9rences \u00e9ducatives et islamiques pour renforcer les valeurs islamiques et la conscience communautaire.<\/p>\n\t\t\t\t<\/div>\n\t\t\t\t<\/div>\n\t\t\t\t\t<\/div>\n\t\t\t\t<\/div>\n\t\t\t\t<\/div>\n\t\t\t\t<\/div>\n\t\t\t\t\t<span class=\"e-load-more-spinner\">\n\t\t\t\t<i aria-hidden=\"true\" class=\"fas fa-spinner\"><\/i>\t\t\t<\/span>\n\t\t\n\t\t\t\t<div class=\"e-load-more-anchor\" data-page=\"1\" data-max-page=\"5\" data-next-page=\"https:\/\/wamysn.org\/fr\/wp-json\/wp\/v2\/pages\/7998\/page\/2\/\"><\/div>\n\t\t\t\t<div class=\"e-loop__load-more elementor-button-wrapper\">\n\t\t\t<a class=\"elementor-button elementor-size-sm\" role=\"button\">\n\t\t\t\t\t\t<span class=\"elementor-button-content-wrapper\">\n\t\t\t\t\t\t\t\t\t<span class=\"elementor-button-text\">Voir plus<\/span>\n\t\t\t\t\t<\/span>\n\t\t\t\t\t<\/a>\n\t\t<\/div>\n\t\t\t\t<div class=\"e-load-more-message\"><\/div>\n\t\t\t\t\t\t<\/div>\n\t\t\t\t<\/div>\n\t\t\t\t\t<\/div>\n\t\t\t\t<\/div>\n\t\t\t\t<\/div>\n\t\t","protected":false},"excerpt":{"rendered":"","protected":false},"author":1,"featured_media":0,"parent":0,"menu_order":0,"comment_status":"closed","ping_status":"closed","template":"","meta":{"footnotes":""},"class_list":["post-7998","page","type-page","status-publish","hentry"],"_hostinger_reach_plugin_has_subscription_block":false,"_hostinger_reach_plugin_is_elementor":false,"_links":{"self":[{"href":"https:\/\/wamysn.org\/fr\/wp-json\/wp\/v2\/pages\/7998","targetHints":{"allow":["GET"]}}],"collection":[{"href":"https:\/\/wamysn.org\/fr\/wp-json\/wp\/v2\/pages"}],"about":[{"href":"https:\/\/wamysn.org\/fr\/wp-json\/wp\/v2\/types\/page"}],"author":[{"embeddable":true,"href":"https:\/\/wamysn.org\/fr\/wp-json\/wp\/v2\/users\/1"}],"replies":[{"embeddable":true,"href":"https:\/\/wamysn.org\/fr\/wp-json\/wp\/v2\/comments?post=7998"}],"version-history":[{"count":6,"href":"https:\/\/wamysn.org\/fr\/wp-json\/wp\/v2\/pages\/7998\/revisions"}],"predecessor-version":[{"id":8007,"href":"https:\/\/wamysn.org\/fr\/wp-json\/wp\/v2\/pages\/7998\/revisions\/8007"}],"wp:attachment":[{"href":"https:\/\/wamysn.org\/fr\/wp-json\/wp\/v2\/media?parent=7998"}],"curies":[{"name":"wp","href":"https:\/\/api.w.org\/{rel}","templated":true}]}}