{"id":7967,"date":"2024-03-25T12:55:23","date_gmt":"2024-03-25T12:55:23","guid":{"rendered":"https:\/\/wamysn.org\/about-us-2\/"},"modified":"2025-12-08T17:25:53","modified_gmt":"2025-12-08T17:25:53","slug":"about-us-2","status":"publish","type":"page","link":"https:\/\/wamysn.org\/fr\/about-us-2\/","title":{"rendered":"Organisation"},"content":{"rendered":"\t\t<div data-elementor-type=\"wp-page\" data-elementor-id=\"7967\" class=\"elementor elementor-7967\" data-elementor-post-type=\"page\">\n\t\t\t\t\t\t<section class=\"elementor-section elementor-top-section elementor-element elementor-element-955f58e elementor-section-content-middle elementor-section-boxed elementor-section-height-default elementor-section-height-default\" data-id=\"955f58e\" data-element_type=\"section\" data-settings=\"{&quot;background_background&quot;:&quot;classic&quot;}\">\n\t\t\t\t\t\t<div class=\"elementor-container elementor-column-gap-no\">\n\t\t\t\t\t<div class=\"elementor-column elementor-col-100 elementor-top-column elementor-element elementor-element-2285213\" data-id=\"2285213\" data-element_type=\"column\">\n\t\t\t<div class=\"elementor-widget-wrap elementor-element-populated\">\n\t\t\t\t\t\t<div class=\"elementor-element elementor-element-0e57217 elementor-widget elementor-widget-tronix_about\" data-id=\"0e57217\" data-element_type=\"widget\" data-widget_type=\"tronix_about.default\">\n\t\t\t\t<div class=\"elementor-widget-container\">\n\t\t\t\t\t        <div class=\"about-section-wraper\">\n            <div class=\"container\">\n                <div class=\"about_content \">\n                    <div class=\"about-item\">\n                                                                            <h2 class=\"about-title\"> \n                            <strong>Qui sommes-nous<\/strong>                            <\/h2>\n                                                                                            <\/div>\n                <\/div>\n            <\/div>\n        <\/div>\n\t\t\t\t<\/div>\n\t\t\t\t<\/div>\n\t\t\t\t<div class=\"elementor-element elementor-element-a63ac6d elementor-widget elementor-widget-text-editor\" data-id=\"a63ac6d\" data-element_type=\"widget\" data-widget_type=\"text-editor.default\">\n\t\t\t\t\t\t\t\t\t<p>La Ligue Mondiale de la Jeunesse Musulmane (WAMY) est une organisation internationale de jeunesse, non gouvernementale et \u00e0 but non lucratif. Elle a \u00e9t\u00e9 fond\u00e9e en 1972 en Arabie Saoudite pour \u00eatre une plateforme islamique ind\u00e9pendante soutenant les institutions islamiques et servant les communaut\u00e9s n\u00e9cessiteuses \u00e0 travers le monde. Depuis son si\u00e8ge \u00e0 Riyad, elle s\u2019est \u00e9tendue \u00e0 plus de 56 pays gr\u00e2ce \u00e0 des bureaux actifs coop\u00e9rant avec plus de 500 organisations de jeunesse et \u00e9tudiantes sur cinq continents.<\/p><p>Au S\u00e9n\u00e9gal, WAMY a \u00e9t\u00e9 reconnue en tant qu\u2019ONG conform\u00e9ment au d\u00e9cret n\u00b0 0161919 \/ MFEF \/ SDC du 15 novembre 1995. Un accord de si\u00e8ge a ensuite \u00e9t\u00e9 sign\u00e9 avec le Gouvernement du S\u00e9n\u00e9gal le 25 mai 2010, lui accordant un statut juridique complet et de larges pr\u00e9rogatives pour mener sa mission humanitaire et de d\u00e9veloppement. Le bureau r\u00e9gional couvre toute la sous-r\u00e9gion : S\u00e9n\u00e9gal, Gambie, Guin\u00e9e-Bissau et Cap-Vert, en plus des 14 r\u00e9gions du S\u00e9n\u00e9gal au niveau national.<\/p><p>Gr\u00e2ce \u00e0 ces efforts, WAMY au S\u00e9n\u00e9gal poursuit son r\u00f4le de leader dans l\u2019action caritative et humanitaire, contribuant au service de la communaut\u00e9 et \u00e0 la promotion des valeurs de solidarit\u00e9 et de coop\u00e9ration. Ses vastes activit\u00e9s lui ont valu une reconnaissance de l\u2019ONU en tant que l\u2019une des principales organisations \u0153uvrant dans l\u2019\u00e9ducation, le d\u00e9veloppement de la jeunesse et le service des communaut\u00e9s.<\/p>\t\t\t\t\t\t\t\t<\/div>\n\t\t\t\t<div class=\"elementor-element elementor-element-e6cecd3 elementor-widget-divider--view-line elementor-widget elementor-widget-divider\" data-id=\"e6cecd3\" data-element_type=\"widget\" data-widget_type=\"divider.default\">\n\t\t\t\t\t\t\t<div class=\"elementor-divider\">\n\t\t\t<span class=\"elementor-divider-separator\">\n\t\t\t\t\t\t<\/span>\n\t\t<\/div>\n\t\t\t\t\t\t<\/div>\n\t\t\t\t\t<\/div>\n\t\t<\/div>\n\t\t\t\t\t<\/div>\n\t\t<\/section>\n\t\t<div class=\"elementor-element elementor-element-dced1f1 e-flex e-con-boxed e-con e-parent\" data-id=\"dced1f1\" data-element_type=\"container\" data-settings=\"{&quot;background_background&quot;:&quot;classic&quot;}\">\n\t\t\t\t\t<div class=\"e-con-inner\">\n\t\t\t\t<div class=\"elementor-element elementor-element-3c2afd3 elementor-widget elementor-widget-tronix_title\" data-id=\"3c2afd3\" data-element_type=\"widget\" data-widget_type=\"tronix_title.default\">\n\t\t\t\t<div class=\"elementor-widget-container\">\n\t\t\t\t\t        <div class=\"tronix-section-title-wrapper\">\n            <div class=\"container\">\n                <div class=\"tronix-section-title-content\">\n                                                                <h2 class=\"tronix-section-title\">\n                            Nos R\u00e9alisations en Chiffres                        <\/h2>\n                    \n                                    <\/div>\n            <\/div>\n        <\/div>\n\t\t\t\t<\/div>\n\t\t\t\t<\/div>\n\t\t<div class=\"elementor-element elementor-element-ec1c941 e-flex e-con-boxed e-con e-child\" data-id=\"ec1c941\" data-element_type=\"container\" data-settings=\"{&quot;background_background&quot;:&quot;classic&quot;}\">\n\t\t\t\t\t<div class=\"e-con-inner\">\n\t\t<div class=\"elementor-element elementor-element-4239db2 e-con-full e-flex e-con e-child\" data-id=\"4239db2\" data-element_type=\"container\">\n\t\t\t\t<div class=\"elementor-element elementor-element-cc2030c elementor-widget elementor-widget-counter\" data-id=\"cc2030c\" data-element_type=\"widget\" data-widget_type=\"counter.default\">\n\t\t\t\t\t\t\t<div class=\"elementor-counter\">\n\t\t\t<div class=\"elementor-counter-title\">Examens m\u00e9dicaux gratuits<\/div>\t\t\t<div class=\"elementor-counter-number-wrapper\">\n\t\t\t\t<span class=\"elementor-counter-number-prefix\"><\/span>\n\t\t\t\t<span class=\"elementor-counter-number\" data-duration=\"2000\" data-to-value=\"1000\" data-from-value=\"0\" data-delimiter=\",\">0<\/span>\n\t\t\t\t<span class=\"elementor-counter-number-suffix\">+<\/span>\n\t\t\t<\/div>\n\t\t<\/div>\n\t\t\t\t\t\t<\/div>\n\t\t\t\t<\/div>\n\t\t<div class=\"elementor-element elementor-element-7a192fe e-con-full e-flex e-con e-child\" data-id=\"7a192fe\" data-element_type=\"container\">\n\t\t\t\t<div class=\"elementor-element elementor-element-7c7a019 elementor-widget elementor-widget-counter\" data-id=\"7c7a019\" data-element_type=\"widget\" data-widget_type=\"counter.default\">\n\t\t\t\t\t\t\t<div class=\"elementor-counter\">\n\t\t\t<div class=\"elementor-counter-title\">Mosqu\u00e9es construites<\/div>\t\t\t<div class=\"elementor-counter-number-wrapper\">\n\t\t\t\t<span class=\"elementor-counter-number-prefix\"><\/span>\n\t\t\t\t<span class=\"elementor-counter-number\" data-duration=\"2000\" data-to-value=\"500\" data-from-value=\"0\" data-delimiter=\",\">0<\/span>\n\t\t\t\t<span class=\"elementor-counter-number-suffix\">+<\/span>\n\t\t\t<\/div>\n\t\t<\/div>\n\t\t\t\t\t\t<\/div>\n\t\t\t\t<\/div>\n\t\t<div class=\"elementor-element elementor-element-b169bf6 e-con-full e-flex e-con e-child\" data-id=\"b169bf6\" data-element_type=\"container\">\n\t\t\t\t<div class=\"elementor-element elementor-element-33842ff elementor-widget elementor-widget-counter\" data-id=\"33842ff\" data-element_type=\"widget\" data-widget_type=\"counter.default\">\n\t\t\t\t\t\t\t<div class=\"elementor-counter\">\n\t\t\t<div class=\"elementor-counter-title\">Paniers alimentaires distribu\u00e9s<\/div>\t\t\t<div class=\"elementor-counter-number-wrapper\">\n\t\t\t\t<span class=\"elementor-counter-number-prefix\"><\/span>\n\t\t\t\t<span class=\"elementor-counter-number\" data-duration=\"2000\" data-to-value=\"50000\" data-from-value=\"0\" data-delimiter=\",\">0<\/span>\n\t\t\t\t<span class=\"elementor-counter-number-suffix\">+<\/span>\n\t\t\t<\/div>\n\t\t<\/div>\n\t\t\t\t\t\t<\/div>\n\t\t\t\t<\/div>\n\t\t<div class=\"elementor-element elementor-element-60c84bc e-con-full e-flex e-con e-child\" data-id=\"60c84bc\" data-element_type=\"container\">\n\t\t\t\t<div class=\"elementor-element elementor-element-050888a elementor-widget elementor-widget-counter\" data-id=\"050888a\" data-element_type=\"widget\" data-widget_type=\"counter.default\">\n\t\t\t\t\t\t\t<div class=\"elementor-counter\">\n\t\t\t<div class=\"elementor-counter-title\">Projets d\u2019eau<\/div>\t\t\t<div class=\"elementor-counter-number-wrapper\">\n\t\t\t\t<span class=\"elementor-counter-number-prefix\"><\/span>\n\t\t\t\t<span class=\"elementor-counter-number\" data-duration=\"2000\" data-to-value=\"1000\" data-from-value=\"0\" data-delimiter=\",\">0<\/span>\n\t\t\t\t<span class=\"elementor-counter-number-suffix\">+<\/span>\n\t\t\t<\/div>\n\t\t<\/div>\n\t\t\t\t\t\t<\/div>\n\t\t\t\t<\/div>\n\t\t\t\t\t<\/div>\n\t\t\t\t<\/div>\n\t\t<div class=\"elementor-element elementor-element-97bf9de e-flex e-con-boxed e-con e-child\" data-id=\"97bf9de\" data-element_type=\"container\" data-settings=\"{&quot;background_background&quot;:&quot;classic&quot;}\">\n\t\t\t\t\t<div class=\"e-con-inner\">\n\t\t<div class=\"elementor-element elementor-element-32498b4 e-con-full e-flex e-con e-child\" data-id=\"32498b4\" data-element_type=\"container\">\n\t\t\t\t<div class=\"elementor-element elementor-element-e3b15a8 elementor-widget elementor-widget-counter\" data-id=\"e3b15a8\" data-element_type=\"widget\" data-widget_type=\"counter.default\">\n\t\t\t\t\t\t\t<div class=\"elementor-counter\">\n\t\t\t<div class=\"elementor-counter-title\">\u00c9tudiants parrain\u00e9s<\/div>\t\t\t<div class=\"elementor-counter-number-wrapper\">\n\t\t\t\t<span class=\"elementor-counter-number-prefix\"><\/span>\n\t\t\t\t<span class=\"elementor-counter-number\" data-duration=\"2000\" data-to-value=\"5000\" data-from-value=\"0\" data-delimiter=\",\">0<\/span>\n\t\t\t\t<span class=\"elementor-counter-number-suffix\">+<\/span>\n\t\t\t<\/div>\n\t\t<\/div>\n\t\t\t\t\t\t<\/div>\n\t\t\t\t<\/div>\n\t\t<div class=\"elementor-element elementor-element-1142d98 e-con-full e-flex e-con e-child\" data-id=\"1142d98\" data-element_type=\"container\">\n\t\t\t\t<div class=\"elementor-element elementor-element-7364030 elementor-widget elementor-widget-counter\" data-id=\"7364030\" data-element_type=\"widget\" data-widget_type=\"counter.default\">\n\t\t\t\t\t\t\t<div class=\"elementor-counter\">\n\t\t\t<div class=\"elementor-counter-title\">Enseignants form\u00e9s<\/div>\t\t\t<div class=\"elementor-counter-number-wrapper\">\n\t\t\t\t<span class=\"elementor-counter-number-prefix\"><\/span>\n\t\t\t\t<span class=\"elementor-counter-number\" data-duration=\"2000\" data-to-value=\"5000\" data-from-value=\"0\" data-delimiter=\",\">0<\/span>\n\t\t\t\t<span class=\"elementor-counter-number-suffix\">+<\/span>\n\t\t\t<\/div>\n\t\t<\/div>\n\t\t\t\t\t\t<\/div>\n\t\t\t\t<\/div>\n\t\t<div class=\"elementor-element elementor-element-d7f6d16 e-con-full e-flex e-con e-child\" data-id=\"d7f6d16\" data-element_type=\"container\">\n\t\t\t\t<div class=\"elementor-element elementor-element-f4e11ca elementor-widget elementor-widget-counter\" data-id=\"f4e11ca\" data-element_type=\"widget\" data-widget_type=\"counter.default\">\n\t\t\t\t\t\t\t<div class=\"elementor-counter\">\n\t\t\t<div class=\"elementor-counter-title\">Corans distribu\u00e9s<\/div>\t\t\t<div class=\"elementor-counter-number-wrapper\">\n\t\t\t\t<span class=\"elementor-counter-number-prefix\"><\/span>\n\t\t\t\t<span class=\"elementor-counter-number\" data-duration=\"2000\" data-to-value=\"900000\" data-from-value=\"0\" data-delimiter=\",\">0<\/span>\n\t\t\t\t<span class=\"elementor-counter-number-suffix\">+<\/span>\n\t\t\t<\/div>\n\t\t<\/div>\n\t\t\t\t\t\t<\/div>\n\t\t\t\t<\/div>\n\t\t<div class=\"elementor-element elementor-element-4cb6c6d e-con-full e-flex e-con e-child\" data-id=\"4cb6c6d\" data-element_type=\"container\">\n\t\t\t\t<div class=\"elementor-element elementor-element-1476895 elementor-widget elementor-widget-counter\" data-id=\"1476895\" data-element_type=\"widget\" data-widget_type=\"counter.default\">\n\t\t\t\t\t\t\t<div class=\"elementor-counter\">\n\t\t\t<div class=\"elementor-counter-title\">Orphelins pris en charge<\/div>\t\t\t<div class=\"elementor-counter-number-wrapper\">\n\t\t\t\t<span class=\"elementor-counter-number-prefix\"><\/span>\n\t\t\t\t<span class=\"elementor-counter-number\" data-duration=\"2000\" data-to-value=\"1000\" data-from-value=\"0\" data-delimiter=\",\">0<\/span>\n\t\t\t\t<span class=\"elementor-counter-number-suffix\">+<\/span>\n\t\t\t<\/div>\n\t\t<\/div>\n\t\t\t\t\t\t<\/div>\n\t\t\t\t<\/div>\n\t\t\t\t\t<\/div>\n\t\t\t\t<\/div>\n\t\t\t\t\t<\/div>\n\t\t\t\t<\/div>\n\t\t\t\t<section class=\"elementor-section elementor-top-section elementor-element elementor-element-5dd5288 elementor-section-boxed elementor-section-height-default elementor-section-height-default\" data-id=\"5dd5288\" data-element_type=\"section\">\n\t\t\t\t\t\t<div class=\"elementor-container elementor-column-gap-no\">\n\t\t\t\t\t<div class=\"elementor-column elementor-col-50 elementor-top-column elementor-element elementor-element-fb88cab\" data-id=\"fb88cab\" data-element_type=\"column\">\n\t\t\t<div class=\"elementor-widget-wrap elementor-element-populated\">\n\t\t\t\t\t\t<div class=\"elementor-element elementor-element-e145d47 elementor-widget elementor-widget-heading\" data-id=\"e145d47\" data-element_type=\"widget\" data-widget_type=\"heading.default\">\n\t\t\t\t\t<h2 class=\"elementor-heading-title elementor-size-default\">Notre Vision\n<\/h2>\t\t\t\t<\/div>\n\t\t\t\t<div class=\"elementor-element elementor-element-5051629 elementor-widget elementor-widget-text-editor\" data-id=\"5051629\" data-element_type=\"widget\" data-widget_type=\"text-editor.default\">\n\t\t\t\t\t\t\t\t\tRenforcer la capacit\u00e9 des jeunes musulmans \u00e0 pr\u00e9server leur identit\u00e9 et leurs valeurs, et d\u00e9velopper leurs comp\u00e9tences et leur cr\u00e9ativit\u00e9 afin qu\u2019ils soient des acteurs positifs et efficaces au sein de leur soci\u00e9t\u00e9.\t\t\t\t\t\t\t\t<\/div>\n\t\t\t\t\t<\/div>\n\t\t<\/div>\n\t\t\t\t<div class=\"elementor-column elementor-col-50 elementor-top-column elementor-element elementor-element-467432f\" data-id=\"467432f\" data-element_type=\"column\">\n\t\t\t<div class=\"elementor-widget-wrap elementor-element-populated\">\n\t\t\t\t\t\t<div class=\"elementor-element elementor-element-b12cb93 elementor-widget elementor-widget-heading\" data-id=\"b12cb93\" data-element_type=\"widget\" data-widget_type=\"heading.default\">\n\t\t\t\t\t<h2 class=\"elementor-heading-title elementor-size-default\">Notre Mission\n<\/h2>\t\t\t\t<\/div>\n\t\t\t\t<div class=\"elementor-element elementor-element-426d676 elementor-widget elementor-widget-text-editor\" data-id=\"426d676\" data-element_type=\"widget\" data-widget_type=\"text-editor.default\">\n\t\t\t\t\t\t\t\t\tAm\u00e9liorer la vie des individus et des groupes vuln\u00e9rables \u00e0 travers des projets d\u2019\u00e9ducation, de sant\u00e9 et de d\u00e9veloppement, et accompagner les jeunes pour qu\u2019ils deviennent les leaders de demain.\t\t\t\t\t\t\t\t<\/div>\n\t\t\t\t\t<\/div>\n\t\t<\/div>\n\t\t\t\t\t<\/div>\n\t\t<\/section>\n\t\t\t\t<section class=\"elementor-section elementor-top-section elementor-element elementor-element-08a1ccc elementor-section-boxed elementor-section-height-default elementor-section-height-default\" data-id=\"08a1ccc\" data-element_type=\"section\">\n\t\t\t\t\t\t<div class=\"elementor-container elementor-column-gap-no\">\n\t\t\t\t\t<div class=\"elementor-column elementor-col-100 elementor-top-column elementor-element elementor-element-a92ba87\" data-id=\"a92ba87\" data-element_type=\"column\">\n\t\t\t<div class=\"elementor-widget-wrap elementor-element-populated\">\n\t\t\t\t\t\t<div class=\"elementor-element elementor-element-ccf29cd elementor-widget elementor-widget-heading\" data-id=\"ccf29cd\" data-element_type=\"widget\" data-widget_type=\"heading.default\">\n\t\t\t\t\t<h2 class=\"elementor-heading-title elementor-size-default\">Nos Objectifs\n<\/h2>\t\t\t\t<\/div>\n\t\t<div class=\"elementor-element elementor-element-1c85c38 e-flex e-con-boxed e-con e-parent\" data-id=\"1c85c38\" data-element_type=\"container\">\n\t\t\t\t\t<div class=\"e-con-inner\">\n\t\t<div class=\"elementor-element elementor-element-a68112e e-con-full e-flex e-con e-child\" data-id=\"a68112e\" data-element_type=\"container\">\n\t\t\t\t<div class=\"elementor-element elementor-element-5e56e7a elementor-view-default elementor-position-top elementor-mobile-position-top elementor-widget elementor-widget-icon-box\" data-id=\"5e56e7a\" data-element_type=\"widget\" data-widget_type=\"icon-box.default\">\n\t\t\t\t\t\t\t<div class=\"elementor-icon-box-wrapper\">\n\n\t\t\t\t\t\t<div class=\"elementor-icon-box-icon\">\n\t\t\t\t<span  class=\"elementor-icon\">\n\t\t\t\t<i aria-hidden=\"true\" class=\"fas fa-check\"><\/i>\t\t\t\t<\/span>\n\t\t\t<\/div>\n\t\t\t\n\t\t\t\t\t\t<div class=\"elementor-icon-box-content\">\n\n\t\t\t\t\n\t\t\t\t\t\t\t\t\t<p class=\"elementor-icon-box-description\">\n\t\t\t\t\t\tPr\u00e9server l\u2019identit\u00e9 des jeunes musulmans et les soutenir face aux d\u00e9fis contemporains.\t\t\t\t\t<\/p>\n\t\t\t\t\n\t\t\t<\/div>\n\t\t\t\n\t\t<\/div>\n\t\t\t\t\t\t<\/div>\n\t\t\t\t<\/div>\n\t\t<div class=\"elementor-element elementor-element-f7be24a e-con-full e-flex e-con e-child\" data-id=\"f7be24a\" data-element_type=\"container\">\n\t\t\t\t<div class=\"elementor-element elementor-element-c52420a elementor-view-default elementor-position-top elementor-mobile-position-top elementor-widget elementor-widget-icon-box\" data-id=\"c52420a\" data-element_type=\"widget\" data-widget_type=\"icon-box.default\">\n\t\t\t\t\t\t\t<div class=\"elementor-icon-box-wrapper\">\n\n\t\t\t\t\t\t<div class=\"elementor-icon-box-icon\">\n\t\t\t\t<span  class=\"elementor-icon\">\n\t\t\t\t<i aria-hidden=\"true\" class=\"fas fa-star\"><\/i>\t\t\t\t<\/span>\n\t\t\t<\/div>\n\t\t\t\n\t\t\t\t\t\t<div class=\"elementor-icon-box-content\">\n\n\t\t\t\t\n\t\t\t\t\t\t\t\t\t<p class=\"elementor-icon-box-description\">\n\t\t\t\t\t\t\u00c9duquer et former les jeunes pour qu\u2019ils soient des citoyens responsables et actifs dans leurs communaut\u00e9s.\t\t\t\t\t<\/p>\n\t\t\t\t\n\t\t\t<\/div>\n\t\t\t\n\t\t<\/div>\n\t\t\t\t\t\t<\/div>\n\t\t\t\t<\/div>\n\t\t<div class=\"elementor-element elementor-element-8854bb9 e-con-full e-flex e-con e-child\" data-id=\"8854bb9\" data-element_type=\"container\">\n\t\t\t\t<div class=\"elementor-element elementor-element-9323fc5 elementor-view-default elementor-position-top elementor-mobile-position-top elementor-widget elementor-widget-icon-box\" data-id=\"9323fc5\" data-element_type=\"widget\" data-widget_type=\"icon-box.default\">\n\t\t\t\t\t\t\t<div class=\"elementor-icon-box-wrapper\">\n\n\t\t\t\t\t\t<div class=\"elementor-icon-box-icon\">\n\t\t\t\t<span  class=\"elementor-icon\">\n\t\t\t\t<i aria-hidden=\"true\" class=\"fas fa-quran\"><\/i>\t\t\t\t<\/span>\n\t\t\t<\/div>\n\t\t\t\n\t\t\t\t\t\t<div class=\"elementor-icon-box-content\">\n\n\t\t\t\t\n\t\t\t\t\t\t\t\t\t<p class=\"elementor-icon-box-description\">\n\t\t\t\t\t\tPr\u00e9senter l\u2019Islam comme un mode de vie global et int\u00e9gr\u00e9.\t\t\t\t\t<\/p>\n\t\t\t\t\n\t\t\t<\/div>\n\t\t\t\n\t\t<\/div>\n\t\t\t\t\t\t<\/div>\n\t\t\t\t<\/div>\n\t\t\t\t\t<\/div>\n\t\t\t\t<\/div>\n\t\t<div class=\"elementor-element elementor-element-9edb133 e-flex e-con-boxed e-con e-parent\" data-id=\"9edb133\" data-element_type=\"container\">\n\t\t\t\t\t<div class=\"e-con-inner\">\n\t\t<div class=\"elementor-element elementor-element-7780704 e-con-full e-flex e-con e-child\" data-id=\"7780704\" data-element_type=\"container\">\n\t\t\t\t<div class=\"elementor-element elementor-element-6221eaf elementor-view-default elementor-position-top elementor-mobile-position-top elementor-widget elementor-widget-icon-box\" data-id=\"6221eaf\" data-element_type=\"widget\" data-widget_type=\"icon-box.default\">\n\t\t\t\t\t\t\t<div class=\"elementor-icon-box-wrapper\">\n\n\t\t\t\t\t\t<div class=\"elementor-icon-box-icon\">\n\t\t\t\t<span  class=\"elementor-icon\">\n\t\t\t\t<i aria-hidden=\"true\" class=\"fas fa-users\"><\/i>\t\t\t\t<\/span>\n\t\t\t<\/div>\n\t\t\t\n\t\t\t\t\t\t<div class=\"elementor-icon-box-content\">\n\n\t\t\t\t\n\t\t\t\t\t\t\t\t\t<p class=\"elementor-icon-box-description\">\n\t\t\t\t\t\tPromouvoir le dialogue et la compr\u00e9hension avec les autres communaut\u00e9s.\t\t\t\t\t<\/p>\n\t\t\t\t\n\t\t\t<\/div>\n\t\t\t\n\t\t<\/div>\n\t\t\t\t\t\t<\/div>\n\t\t\t\t<\/div>\n\t\t<div class=\"elementor-element elementor-element-7a6f618 e-con-full e-flex e-con e-child\" data-id=\"7a6f618\" data-element_type=\"container\">\n\t\t\t\t<div class=\"elementor-element elementor-element-7a7f1b2 elementor-view-default elementor-position-top elementor-mobile-position-top elementor-widget elementor-widget-icon-box\" data-id=\"7a7f1b2\" data-element_type=\"widget\" data-widget_type=\"icon-box.default\">\n\t\t\t\t\t\t\t<div class=\"elementor-icon-box-wrapper\">\n\n\t\t\t\t\t\t<div class=\"elementor-icon-box-icon\">\n\t\t\t\t<span  class=\"elementor-icon\">\n\t\t\t\t<i aria-hidden=\"true\" class=\"far fa-building\"><\/i>\t\t\t\t<\/span>\n\t\t\t<\/div>\n\t\t\t\n\t\t\t\t\t\t<div class=\"elementor-icon-box-content\">\n\n\t\t\t\t\n\t\t\t\t\t\t\t\t\t<p class=\"elementor-icon-box-description\">\n\t\t\t\t\t\tSoutenir les institutions et associations partenaires par la formation et la coop\u00e9ration.\t\t\t\t\t<\/p>\n\t\t\t\t\n\t\t\t<\/div>\n\t\t\t\n\t\t<\/div>\n\t\t\t\t\t\t<\/div>\n\t\t\t\t<\/div>\n\t\t\t\t\t<\/div>\n\t\t\t\t<\/div>\n\t\t\t\t\t<\/div>\n\t\t<\/div>\n\t\t\t\t\t<\/div>\n\t\t<\/section>\n\t\t\t\t<\/div>\n\t\t","protected":false},"excerpt":{"rendered":"<p>Qui sommes-nous La Ligue Mondiale de la Jeunesse Musulmane (WAMY) est une organisation internationale de jeunesse, non gouvernementale et \u00e0 but non lucratif. Elle a \u00e9t\u00e9 fond\u00e9e en 1972 en Arabie Saoudite pour \u00eatre une plateforme islamique ind\u00e9pendante soutenant les institutions islamiques et servant les communaut\u00e9s n\u00e9cessiteuses \u00e0 travers le monde. Depuis son si\u00e8ge \u00e0 [&hellip;]<\/p>\n","protected":false},"author":1,"featured_media":0,"parent":0,"menu_order":0,"comment_status":"closed","ping_status":"closed","template":"blank-template.php","meta":{"footnotes":""},"class_list":["post-7967","page","type-page","status-publish","hentry"],"_hostinger_reach_plugin_has_subscription_block":false,"_hostinger_reach_plugin_is_elementor":false,"_links":{"self":[{"href":"https:\/\/wamysn.org\/fr\/wp-json\/wp\/v2\/pages\/7967","targetHints":{"allow":["GET"]}}],"collection":[{"href":"https:\/\/wamysn.org\/fr\/wp-json\/wp\/v2\/pages"}],"about":[{"href":"https:\/\/wamysn.org\/fr\/wp-json\/wp\/v2\/types\/page"}],"author":[{"embeddable":true,"href":"https:\/\/wamysn.org\/fr\/wp-json\/wp\/v2\/users\/1"}],"replies":[{"embeddable":true,"href":"https:\/\/wamysn.org\/fr\/wp-json\/wp\/v2\/comments?post=7967"}],"version-history":[{"count":11,"href":"https:\/\/wamysn.org\/fr\/wp-json\/wp\/v2\/pages\/7967\/revisions"}],"predecessor-version":[{"id":8176,"href":"https:\/\/wamysn.org\/fr\/wp-json\/wp\/v2\/pages\/7967\/revisions\/8176"}],"wp:attachment":[{"href":"https:\/\/wamysn.org\/fr\/wp-json\/wp\/v2\/media?parent=7967"}],"curies":[{"name":"wp","href":"https:\/\/api.w.org\/{rel}","templated":true}]}}